{"id":1045,"date":"2019-09-18T13:58:54","date_gmt":"2019-09-18T13:58:54","guid":{"rendered":"https:\/\/dinocolor.si\/?page_id=1045"},"modified":"2020-10-01T09:31:12","modified_gmt":"2020-10-01T09:31:12","slug":"sistem-za-potne-liste-2","status":"publish","type":"page","link":"https:\/\/dinocolor.si\/en\/sistem-za-potne-liste-2\/","title":{"rendered":"Passport Systems"},"content":{"rendered":"<p>[et_pb_section fb_built=&#8221;1&#8243; fullwidth=&#8221;on&#8221; admin_label=&#8221;Hero&#8221; _builder_version=&#8221;3.23.3&#8243; parallax=&#8221;on&#8221; locked=&#8221;off&#8221; da_is_popup=&#8221;off&#8221; da_exit_intent=&#8221;off&#8221; da_has_close=&#8221;on&#8221; da_alt_close=&#8221;off&#8221; da_dark_close=&#8221;off&#8221; da_not_modal=&#8221;on&#8221; da_is_singular=&#8221;off&#8221; da_with_loader=&#8221;off&#8221; da_has_shadow=&#8221;on&#8221; da_disable_devices=&#8221;off|off|off&#8221;][et_pb_fullwidth_header title=&#8221;SISTEM ZA POTNE LISTE&#8221; text_orientation=&#8221;center&#8221; header_scroll_down=&#8221;on&#8221; button_one_url=&#8221;https:\/\/dinocolor.si\/kontakt\/&#8221; content_max_width=&#8221;700px&#8221; _builder_version=&#8221;4.6.5&#8243; title_level=&#8221;h2&#8243; title_font=&#8221;|700|||||||&#8221; title_font_size=&#8221;4em&#8221; title_line_height=&#8221;1.5em&#8221; content_font=&#8221;|600|||||||&#8221; content_font_size=&#8221;20px&#8221; subhead_font=&#8221;Quicksand|700|||||||&#8221; subhead_font_size=&#8221;30px&#8221; subhead_line_height=&#8221;1.8em&#8221; background_color=&#8221;rgba(0,0,0,0)&#8221; use_background_color_gradient=&#8221;on&#8221; background_color_gradient_start=&#8221;#0086af&#8221; background_color_gradient_end=&#8221;rgba(53,80,160,0.27)&#8221; background_color_gradient_direction=&#8221;214deg&#8221; background_color_gradient_start_position=&#8221;54%&#8221; background_color_gradient_overlays_image=&#8221;on&#8221; custom_button_one=&#8221;on&#8221; button_one_text_size=&#8221;20px&#8221; button_one_text_color=&#8221;#0d89b0&#8243; button_one_bg_color=&#8221;#ffffff&#8221; button_one_border_width=&#8221;10px&#8221; button_one_border_color=&#8221;rgba(210,159,104,0)&#8221; button_one_letter_spacing=&#8221;2px&#8221; button_one_font=&#8221;Quicksand|900||on|||||&#8221; button_one_use_icon=&#8221;off&#8221; custom_button_two=&#8221;on&#8221; button_two_text_size=&#8221;16px&#8221; button_two_text_color=&#8221;#ffffff&#8221; button_two_bg_color=&#8221;rgba(255,255,255,0.15)&#8221; button_two_border_width=&#8221;10px&#8221; button_two_border_color=&#8221;rgba(210,159,104,0)&#8221; button_two_border_radius=&#8221;100px&#8221; button_two_font=&#8221;Lato|900|||||||&#8221; button_two_use_icon=&#8221;off&#8221; custom_margin=&#8221;|||&#8221; custom_padding=&#8221;2vw||5vw||false|false&#8221; custom_padding_tablet=&#8221;20vw||20vw||true&#8221; custom_padding_phone=&#8221;20vw||20vw||true&#8221; custom_padding_last_edited=&#8221;on|desktop&#8221; hover_enabled=&#8221;0&#8243; title_font_size_tablet=&#8221;50px&#8221; title_font_size_phone=&#8221;32px&#8221; title_font_size_last_edited=&#8221;on|tablet&#8221; button_one_text_color_hover=&#8221;#3550a0&#8243; button_two_text_color_hover=&#8221;#ffffff&#8221; button_one_bg_color_hover=&#8221;rgba(255,255,255,0.8)&#8221; button_two_bg_color_hover=&#8221;rgba(255,255,255,0.3)&#8221; button_one_text_size__hover_enabled=&#8221;off&#8221; button_two_text_size__hover_enabled=&#8221;off&#8221; button_one_text_color__hover_enabled=&#8221;on&#8221; button_one_text_color__hover=&#8221;#3550a0&#8243; button_two_text_color__hover_enabled=&#8221;on&#8221; button_two_text_color__hover=&#8221;#ffffff&#8221; button_one_border_width__hover_enabled=&#8221;off&#8221; button_two_border_width__hover_enabled=&#8221;off&#8221; button_one_border_color__hover_enabled=&#8221;off&#8221; button_two_border_color__hover_enabled=&#8221;off&#8221; button_one_border_radius__hover_enabled=&#8221;off&#8221; button_two_border_radius__hover_enabled=&#8221;off&#8221; button_one_letter_spacing__hover_enabled=&#8221;off&#8221; button_two_letter_spacing__hover_enabled=&#8221;off&#8221; button_one_bg_color__hover_enabled=&#8221;on&#8221; button_one_bg_color__hover=&#8221;rgba(255,255,255,0.8)&#8221; button_two_bg_color__hover_enabled=&#8221;on&#8221; button_two_bg_color__hover=&#8221;rgba(255,255,255,0.3)&#8221; alt=&#8221;Entrust logo&#8221; title_text=&#8221;Entrust logo&#8221; logo_image_url=&#8221;https:\/\/dinocolor.si\/dino_color_uploads\/2020\/10\/Entrust_jpg_trans-1.png&#8221; sticky_enabled=&#8221;0&#8243;]<\/p>\n<p><strong>Sistemi zasnovani za zagotavljanje najve\u010dje varnosti dokumentov in prepre\u010devanje ponarejevanja ter prirejanja. <\/strong><\/p>\n<p>&nbsp;<\/p>\n<p>[\/et_pb_fullwidth_header][\/et_pb_section][et_pb_section fb_built=&#8221;1&#8243; _builder_version=&#8221;3.23.3&#8243; box_shadow_style=&#8221;preset6&#8243; da_is_popup=&#8221;off&#8221; da_exit_intent=&#8221;off&#8221; da_has_close=&#8221;on&#8221; da_alt_close=&#8221;off&#8221; da_dark_close=&#8221;off&#8221; da_not_modal=&#8221;on&#8221; da_is_singular=&#8221;off&#8221; da_with_loader=&#8221;off&#8221; da_has_shadow=&#8221;on&#8221; da_disable_devices=&#8221;off|off|off&#8221;][et_pb_row column_structure=&#8221;2_5,3_5&#8243; _builder_version=&#8221;3.25&#8243;][et_pb_column type=&#8221;2_5&#8243; _builder_version=&#8221;3.25&#8243; custom_padding=&#8221;|||&#8221; custom_padding__hover=&#8221;|||&#8221;][et_pb_gallery gallery_ids=&#8221;222&#8243; fullwidth=&#8221;on&#8221; _builder_version=&#8221;3.29.1&#8243;][\/et_pb_gallery][\/et_pb_column][et_pb_column type=&#8221;3_5&#8243; _builder_version=&#8221;3.25&#8243; custom_padding=&#8221;|||&#8221; custom_padding__hover=&#8221;|||&#8221;][et_pb_tabs _builder_version=&#8221;3.29.1&#8243; body_font=&#8221;||||||||&#8221;][et_pb_tab title=&#8221;Datacard PB6500 &#8221; _builder_version=&#8221;3.29.1&#8243;]<\/p>\n<p>Sistem izdaje potnih listov Datacard\u00ae PB6500 \u2122 ponuja \u0161iroko paleto naprednih zmogljivosti za izbolj\u0161anje varnosti dokumentov, obenem pa zmanj\u0161uje skupne stro\u0161ke programa. PB6500 odlikuje resni\u010dna modularnost sistema, saj omogo\u010da integriracijo novih modulov, ko se pojavi potreba, ne da bi morali vlagati v novo platformo. Sistem je del obse\u017enega portfelja potnih listov, ki vklju\u010duje programsko opremo za vpis in upravljanje identitete, programsko opremo za upravljanje procesov po izdaji potnih listov, svetovalne storitve, tehni\u010dno podporo in vrhunski potro\u0161ni material.<\/p>\n<ul>\n<li><strong>Zmanj\u0161ajte<\/strong> za\u010detne stro\u0161ke, nekvalitetne idelke in zaloge<\/li>\n<li><strong>Pove\u010dajte<\/strong> varnost potnih listov<\/li>\n<li><strong>Pove\u010dajte<\/strong> u\u010dinkovitost<\/li>\n<li><strong>Izbolj\u0161ajte<\/strong> produktivnost z visokohitrostno lasersko in barvno brizgalno tehnologijo<\/li>\n<li><strong>Pove\u010dajte<\/strong> dnevno proizvodnjo<\/li>\n<\/ul>\n<p>[\/et_pb_tab][et_pb_tab title=&#8221;Specifikacije&#8221; _builder_version=&#8221;3.29.1&#8243; body_font=&#8221;||||||||&#8221;]<\/p>\n<p><strong>SPECIFIKACIJE<\/strong><\/p>\n<p><strong>Izjemna varnost<\/strong><\/p>\n<p>Za\u0161\u010ditite dokumente in podatke z naprednimi tehnologijami za personalizacijo. Vklju\u010dite varnostne funkcije Datacard LinkJet \u2122 in PersoCurv \u2122, 3D fotografije, lasersko odstranjevanje in drugo, ter s tem znatno zmanj\u0161ate ponaredke. Uporabite dodatne varnostne funkcije za za\u0161\u010dito demografskih podatkov, biometri\u010dnih podatkov in drugih lastni\u0161kih informacij.<\/p>\n<p><strong>Zmogljive laserske gravure in barvne brizgalne mo\u017enosti<\/strong><\/p>\n<p>Ustvarite do 200 potnih listov na uro z inovativnim, hitrim laserjem, ki ne potrebuje zunanjega hlajenja ali brizgalnega modula z ultra gladkim transportom. Izdelajte ve\u010d potnih listov v kraj\u0161em \u010dasu &#8211; za manj denarja.<\/p>\n<p><strong>Pro\u017ena izdaja potnih listov<\/strong><\/p>\n<p>Izdajte \u0161ir\u0161o paleto vrst potnih listov, vklju\u010dno z e-potnimi listi. Modul za kodiranje \u010dipov je zdru\u017eljiv s \u010dipi \u0161irokega kroga proizvajalcev. Za zagon ve\u010d vrst knji\u017eic uporabite ve\u010d vhodnih pladnjev in mo\u017enosti selektivnega izbiranja programske opreme.<\/p>\n<p><strong>Datacard\u00ae Intelligent Supplies Technology \u2122<\/strong><\/p>\n<p>Pove\u010dajte vzdr\u017eljivost in varnost z visoko varnimi potro\u0161nimi materiali, ki uporabljajo mo\u010dna lepila za za\u0161\u010dito kriti\u010dnih podatkov o potnem listu.<\/p>\n<p>[\/et_pb_tab][et_pb_tab title=&#8221;Video&#8221; _builder_version=&#8221;3.23.3&#8243;]<\/p>\n<div style=\"width: 1080px;\" class=\"wp-video\"><video class=\"wp-video-shortcode\" id=\"video-1045-1\" width=\"1080\" height=\"608\" preload=\"metadata\" controls=\"controls\"><source type=\"video\/mp4\" src=\"https:\/\/dinocolor.si\/dino_color_uploads\/2019\/06\/CD800.mp4?_=1\" \/><a href=\"https:\/\/dinocolor.si\/dino_color_uploads\/2019\/06\/CD800.mp4\">https:\/\/dinocolor.si\/dino_color_uploads\/2019\/06\/CD800.mp4<\/a><\/video><\/div>\n<p>[\/et_pb_tab][\/et_pb_tabs][\/et_pb_column][\/et_pb_row][\/et_pb_section][et_pb_section fb_built=&#8221;1&#8243; fullwidth=&#8221;on&#8221; _builder_version=&#8221;3.23.3&#8243; locked=&#8221;off&#8221; da_is_popup=&#8221;off&#8221; da_exit_intent=&#8221;off&#8221; da_has_close=&#8221;on&#8221; da_alt_close=&#8221;off&#8221; da_dark_close=&#8221;off&#8221; da_not_modal=&#8221;on&#8221; da_is_singular=&#8221;off&#8221; da_with_loader=&#8221;off&#8221; da_has_shadow=&#8221;on&#8221; da_disable_devices=&#8221;off|off|off&#8221;][et_pb_fullwidth_header title=&#8221;Sistemi za potne liste &#8221; text_orientation=&#8221;center&#8221; header_scroll_down=&#8221;on&#8221; button_one_text=&#8221;Naro\u010di sestanek&#8221; button_one_url=&#8221;https:\/\/dinocolor.si\/kontakt\/&#8221; _builder_version=&#8221;3.29.1&#8243; title_font=&#8221;||||||||&#8221; content_font=&#8221;||||||||&#8221; content_font_size=&#8221;16px&#8221; custom_button_one=&#8221;on&#8221; button_one_font=&#8221;||||||||&#8221; button_one_use_icon=&#8221;off&#8221;]<\/p>\n<p><strong><span>Sistemi zasnovani za zagotavljanje najve\u010dje varnosti dokumentov in prepre\u010devanje ponarejevanja ter prirejanja. <\/span><\/strong><\/p>\n<p>[\/et_pb_fullwidth_header][\/et_pb_section][et_pb_section fb_built=&#8221;1&#8243; admin_label=&#8221;Contact&#8221; _builder_version=&#8221;3.22.3&#8243; background_color=&#8221;#f4f4f4&#8243; locked=&#8221;off&#8221; da_is_popup=&#8221;off&#8221; da_exit_intent=&#8221;off&#8221; da_has_close=&#8221;on&#8221; da_alt_close=&#8221;off&#8221; da_dark_close=&#8221;off&#8221; da_not_modal=&#8221;on&#8221; da_is_singular=&#8221;off&#8221; da_with_loader=&#8221;off&#8221; da_has_shadow=&#8221;on&#8221; da_disable_devices=&#8221;off|off|off&#8221;][et_pb_row _builder_version=&#8221;3.25&#8243; custom_width_px=&#8221;710px&#8221; locked=&#8221;off&#8221;][et_pb_column type=&#8221;4_4&#8243; _builder_version=&#8221;3.25&#8243; background_position=&#8221;top_left&#8221; custom_padding=&#8221;|||&#8221; custom_padding__hover=&#8221;|||&#8221;][et_pb_divider divider_weight=&#8221;3px&#8221; disabled_on=&#8221;off|off|off&#8221; _builder_version=&#8221;3.23.3&#8243; background_color_gradient_direction=&#8221;90deg&#8221; max_width=&#8221;100px&#8221; module_alignment=&#8221;center&#8221; height=&#8221;5px&#8221; custom_margin=&#8221;||20px|&#8221; custom_padding=&#8221;||20px|&#8221; animation_style=&#8221;slide&#8221; animation_direction=&#8221;bottom&#8221; saved_tabs=&#8221;all&#8221; locked=&#8221;off&#8221;][\/et_pb_divider][et_pb_text admin_label=&#8221;Contact Section Title&#8221; _builder_version=&#8221;3.27.4&#8243; header_font=&#8221;Montserrat||||&#8221; header_text_color=&#8221;#1f1f1f&#8221; header_font_size=&#8221;36px&#8221; text_orientation=&#8221;center&#8221; max_width=&#8221;710px&#8221; module_alignment=&#8221;center&#8221; animation_style=&#8221;fold&#8221; animation_direction=&#8221;bottom&#8221; animation_intensity_fold=&#8221;20%&#8221;]<\/p>\n<h1>Pi\u0161ite nam<\/h1>\n<p>[\/et_pb_text][et_pb_text admin_label=&#8221;Contact Section Subtitle&#8221; _builder_version=&#8221;3.27.4&#8243; text_font_size=&#8221;16px&#8221; text_line_height=&#8221;1.9em&#8221; text_orientation=&#8221;center&#8221; max_width=&#8221;710px&#8221; module_alignment=&#8221;center&#8221; animation_style=&#8221;fold&#8221; animation_direction=&#8221;bottom&#8221; animation_intensity_fold=&#8221;20%&#8221;]<\/p>\n<p>\u017delite izvedeti ve\u010d o na\u0161ih storitvah. Nudimo vam svetovanje na va\u0161em podjetju. Za ve\u010d informacij nam po\u0161ljite sporo\u010dilo.\u00a0<\/p>\n<p>[\/et_pb_text][\/et_pb_column][\/et_pb_row][et_pb_row _builder_version=&#8221;3.25&#8243; max_width=&#8221;900px&#8221; use_custom_width=&#8221;on&#8221; custom_width_px=&#8221;900px&#8221;][et_pb_column type=&#8221;4_4&#8243; _builder_version=&#8221;3.25&#8243; custom_padding=&#8221;|||&#8221; custom_padding__hover=&#8221;|||&#8221;][et_pb_contact_form email=&#8221;info@dinocolor.si&#8221; success_message=&#8221;Va\u0161e spo\u010dilo je bilo uspe\u0161no poslano&#8221; submit_button_text=&#8221;Po\u0161lji sporo\u010dilo&#8221; module_id=&#8221;et_pb_contact_form_1&#8243; _builder_version=&#8221;3.24.1&#8243; form_field_background_color=&#8221;rgba(255,255,255,0)&#8221; title_font=&#8221;Montserrat||||&#8221; title_font_size=&#8221;22px&#8221; custom_button=&#8221;on&#8221; button_text_size=&#8221;20px&#8221; button_text_color=&#8221;#ffffff&#8221; button_bg_color=&#8221;#0d89b0&#8243; button_border_width=&#8221;2px&#8221; button_border_color=&#8221;#000000&#8243; button_border_radius=&#8221;3px&#8221; button_letter_spacing=&#8221;2px&#8221; button_font=&#8221;Quicksand|||on|||||&#8221; button_use_icon=&#8221;off&#8221; animation_style=&#8221;fold&#8221; animation_direction=&#8221;bottom&#8221; animation_intensity_fold=&#8221;20%&#8221; border_width_all=&#8221;1px&#8221; border_color_all=&#8221;rgba(0,0,0,0.12)&#8221; border_style_all=&#8221;solid&#8221; use_border_color=&#8221;on&#8221; border_color=&#8221;rgba(0,0,0,0.12)&#8221; form_background_color=&#8221;rgba(255,255,255,0)&#8221; locked=&#8221;off&#8221; button_text_color_hover=&#8221;#6eba01&#8243; button_bg_color_hover=&#8221;rgba(0,0,0,0)&#8221; button_border_color_hover=&#8221;#6eba01&#8243; button_border_radius_hover=&#8221;0px&#8221; button_letter_spacing_hover=&#8221;2px&#8221;][et_pb_contact_field field_id=&#8221;Name&#8221; field_title=&#8221;Ime&#8221; _builder_version=&#8221;3.23.3&#8243; button_text_size__hover_enabled=&#8221;off&#8221; button_one_text_size__hover_enabled=&#8221;off&#8221; button_two_text_size__hover_enabled=&#8221;off&#8221; button_text_color__hover_enabled=&#8221;off&#8221; button_one_text_color__hover_enabled=&#8221;off&#8221; button_two_text_color__hover_enabled=&#8221;off&#8221; button_border_width__hover_enabled=&#8221;off&#8221; button_one_border_width__hover_enabled=&#8221;off&#8221; button_two_border_width__hover_enabled=&#8221;off&#8221; button_border_color__hover_enabled=&#8221;off&#8221; button_one_border_color__hover_enabled=&#8221;off&#8221; button_two_border_color__hover_enabled=&#8221;off&#8221; button_border_radius__hover_enabled=&#8221;off&#8221; button_one_border_radius__hover_enabled=&#8221;off&#8221; button_two_border_radius__hover_enabled=&#8221;off&#8221; button_letter_spacing__hover_enabled=&#8221;off&#8221; button_one_letter_spacing__hover_enabled=&#8221;off&#8221; button_two_letter_spacing__hover_enabled=&#8221;off&#8221; button_bg_color__hover_enabled=&#8221;off&#8221; button_one_bg_color__hover_enabled=&#8221;off&#8221; button_two_bg_color__hover_enabled=&#8221;off&#8221;][\/et_pb_contact_field][et_pb_contact_field field_id=&#8221;Email&#8221; field_title=&#8221;e &#8211; naslov&#8221; field_type=&#8221;email&#8221; _builder_version=&#8221;3.23.3&#8243; button_text_size__hover_enabled=&#8221;off&#8221; button_one_text_size__hover_enabled=&#8221;off&#8221; button_two_text_size__hover_enabled=&#8221;off&#8221; button_text_color__hover_enabled=&#8221;off&#8221; button_one_text_color__hover_enabled=&#8221;off&#8221; button_two_text_color__hover_enabled=&#8221;off&#8221; button_border_width__hover_enabled=&#8221;off&#8221; button_one_border_width__hover_enabled=&#8221;off&#8221; button_two_border_width__hover_enabled=&#8221;off&#8221; button_border_color__hover_enabled=&#8221;off&#8221; button_one_border_color__hover_enabled=&#8221;off&#8221; button_two_border_color__hover_enabled=&#8221;off&#8221; button_border_radius__hover_enabled=&#8221;off&#8221; button_one_border_radius__hover_enabled=&#8221;off&#8221; button_two_border_radius__hover_enabled=&#8221;off&#8221; button_letter_spacing__hover_enabled=&#8221;off&#8221; button_one_letter_spacing__hover_enabled=&#8221;off&#8221; button_two_letter_spacing__hover_enabled=&#8221;off&#8221; button_bg_color__hover_enabled=&#8221;off&#8221; button_one_bg_color__hover_enabled=&#8221;off&#8221; button_two_bg_color__hover_enabled=&#8221;off&#8221;][\/et_pb_contact_field][et_pb_contact_field field_id=&#8221;Message&#8221; field_title=&#8221;Sporo\u010dilo&#8221; field_type=&#8221;text&#8221; fullwidth_field=&#8221;on&#8221; _builder_version=&#8221;3.23.3&#8243; button_text_size__hover_enabled=&#8221;off&#8221; button_one_text_size__hover_enabled=&#8221;off&#8221; button_two_text_size__hover_enabled=&#8221;off&#8221; button_text_color__hover_enabled=&#8221;off&#8221; button_one_text_color__hover_enabled=&#8221;off&#8221; button_two_text_color__hover_enabled=&#8221;off&#8221; button_border_width__hover_enabled=&#8221;off&#8221; button_one_border_width__hover_enabled=&#8221;off&#8221; button_two_border_width__hover_enabled=&#8221;off&#8221; button_border_color__hover_enabled=&#8221;off&#8221; button_one_border_color__hover_enabled=&#8221;off&#8221; button_two_border_color__hover_enabled=&#8221;off&#8221; button_border_radius__hover_enabled=&#8221;off&#8221; button_one_border_radius__hover_enabled=&#8221;off&#8221; button_two_border_radius__hover_enabled=&#8221;off&#8221; button_letter_spacing__hover_enabled=&#8221;off&#8221; button_one_letter_spacing__hover_enabled=&#8221;off&#8221; button_two_letter_spacing__hover_enabled=&#8221;off&#8221; button_bg_color__hover_enabled=&#8221;off&#8221; button_one_bg_color__hover_enabled=&#8221;off&#8221; button_two_bg_color__hover_enabled=&#8221;off&#8221;][\/et_pb_contact_field][\/et_pb_contact_form][\/et_pb_column][\/et_pb_row][\/et_pb_section][et_pb_section fb_built=&#8221;1&#8243; fullwidth=&#8221;on&#8221; _builder_version=&#8221;3.22.4&#8243; da_is_popup=&#8221;off&#8221; da_exit_intent=&#8221;off&#8221; da_has_close=&#8221;on&#8221; da_alt_close=&#8221;off&#8221; da_dark_close=&#8221;off&#8221; da_not_modal=&#8221;on&#8221; da_is_singular=&#8221;off&#8221; da_with_loader=&#8221;off&#8221; da_has_shadow=&#8221;on&#8221; da_disable_devices=&#8221;off|off|off&#8221;][\/et_pb_section]<\/p>\n","protected":false},"excerpt":{"rendered":"<p>Sistemi zasnovani za zagotavljanje najve\u010dje varnosti dokumentov in prepre\u010devanje ponarejevanja ter prirejanja. &nbsp;Sistem izdaje potnih listov Datacard\u00ae PB6500 \u2122 ponuja \u0161iroko paleto naprednih zmogljivosti za izbolj\u0161anje varnosti dokumentov, obenem pa zmanj\u0161uje skupne stro\u0161ke programa. PB6500 odlikuje resni\u010dna modularnost sistema, saj omogo\u010da integriracijo novih modulov, ko se pojavi potreba, ne da bi morali vlagati v novo [&hellip;]<\/p>\n","protected":false},"author":1,"featured_media":0,"parent":0,"menu_order":0,"comment_status":"closed","ping_status":"closed","template":"","meta":{"_et_pb_use_builder":"on","_et_pb_old_content":"","_et_gb_content_width":"","footnotes":""},"class_list":["post-1045","page","type-page","status-publish","hentry"],"_links":{"self":[{"href":"https:\/\/dinocolor.si\/en\/wp-json\/wp\/v2\/pages\/1045","targetHints":{"allow":["GET"]}}],"collection":[{"href":"https:\/\/dinocolor.si\/en\/wp-json\/wp\/v2\/pages"}],"about":[{"href":"https:\/\/dinocolor.si\/en\/wp-json\/wp\/v2\/types\/page"}],"author":[{"embeddable":true,"href":"https:\/\/dinocolor.si\/en\/wp-json\/wp\/v2\/users\/1"}],"replies":[{"embeddable":true,"href":"https:\/\/dinocolor.si\/en\/wp-json\/wp\/v2\/comments?post=1045"}],"version-history":[{"count":0,"href":"https:\/\/dinocolor.si\/en\/wp-json\/wp\/v2\/pages\/1045\/revisions"}],"wp:attachment":[{"href":"https:\/\/dinocolor.si\/en\/wp-json\/wp\/v2\/media?parent=1045"}],"curies":[{"name":"wp","href":"https:\/\/api.w.org\/{rel}","templated":true}]}}