{"id":22982,"date":"2020-09-30T19:39:51","date_gmt":"2020-09-30T19:39:51","guid":{"rendered":"https:\/\/dinocolor.si\/ispis-i-personalizacija-kartica\/"},"modified":"2020-10-01T09:34:08","modified_gmt":"2020-10-01T09:34:08","slug":"ispis-i-personalizacija-kartica","status":"publish","type":"page","link":"https:\/\/dinocolor.si\/hr\/ispis-i-personalizacija-kartica\/","title":{"rendered":"ISPIS I PERSONALIZACIJA KARTICA"},"content":{"rendered":"<p>[et_pb_section fb_built=&#8221;1&#8243; fullwidth=&#8221;on&#8221; admin_label=&#8221;Hero&#8221; _builder_version=&#8221;3.23.3&#8243; parallax=&#8221;on&#8221; da_disable_devices=&#8221;off|off|off&#8221; locked=&#8221;off&#8221; da_is_popup=&#8221;off&#8221; da_exit_intent=&#8221;off&#8221; da_has_close=&#8221;on&#8221; da_alt_close=&#8221;off&#8221; da_dark_close=&#8221;off&#8221; da_not_modal=&#8221;on&#8221; da_is_singular=&#8221;off&#8221; da_with_loader=&#8221;off&#8221; da_has_shadow=&#8221;on&#8221;][et_pb_fullwidth_header title=&#8221;ISPIS I PERSONALIZACIJA KARTICA&#8221; text_orientation=&#8221;center&#8221; header_scroll_down=&#8221;on&#8221; button_one_url=&#8221;https:\/\/dinocolor.si\/kontakt\/&#8221; content_max_width=&#8221;700px&#8221; _builder_version=&#8221;4.6.5&#8243; title_font=&#8221;|700|||||||&#8221; title_font_size=&#8221;4em&#8221; content_font=&#8221;|600|||||||&#8221; content_font_size=&#8221;16px&#8221; subhead_font=&#8221;Quicksand|700|||||||&#8221; subhead_font_size=&#8221;30px&#8221; subhead_line_height=&#8221;1.8em&#8221; background_color=&#8221;rgba(0,0,0,0)&#8221; use_background_color_gradient=&#8221;on&#8221; background_color_gradient_start=&#8221;#0086af&#8221; background_color_gradient_end=&#8221;rgba(53,80,160,0.27)&#8221; background_color_gradient_direction=&#8221;214deg&#8221; background_color_gradient_start_position=&#8221;54%&#8221; background_color_gradient_overlays_image=&#8221;on&#8221; custom_button_one=&#8221;on&#8221; button_one_text_size=&#8221;20px&#8221; button_one_text_color=&#8221;#0d89b0&#8243; button_one_bg_color=&#8221;#ffffff&#8221; button_one_border_width=&#8221;10px&#8221; button_one_border_color=&#8221;rgba(210,159,104,0)&#8221; button_one_letter_spacing=&#8221;2px&#8221; button_one_font=&#8221;Quicksand|900||on|||||&#8221; button_one_use_icon=&#8221;off&#8221; custom_button_two=&#8221;on&#8221; button_two_text_size=&#8221;16px&#8221; button_two_text_color=&#8221;#ffffff&#8221; button_two_bg_color=&#8221;rgba(255,255,255,0.15)&#8221; button_two_border_width=&#8221;10px&#8221; button_two_border_color=&#8221;rgba(210,159,104,0)&#8221; button_two_border_radius=&#8221;100px&#8221; button_two_font=&#8221;Lato|900|||||||&#8221; button_two_use_icon=&#8221;off&#8221; custom_margin=&#8221;|||&#8221; custom_padding=&#8221;2vw||5vw||false|false&#8221; custom_padding_tablet=&#8221;20vw||20vw||true&#8221; custom_padding_phone=&#8221;20vw||20vw||true&#8221; custom_padding_last_edited=&#8221;on|desktop&#8221; hover_enabled=&#8221;0&#8243; title_font_tablet=&#8221;&#8221; title_font_phone=&#8221;&#8221; title_font_last_edited=&#8221;on|phone&#8221; title_font_size_tablet=&#8221;50px&#8221; title_font_size_phone=&#8221;26px&#8221; title_font_size_last_edited=&#8221;on|tablet&#8221; button_one_text_color_hover=&#8221;#3550a0&#8243; button_two_text_color_hover=&#8221;#ffffff&#8221; button_one_bg_color_hover=&#8221;rgba(255,255,255,0.8)&#8221; button_two_bg_color_hover=&#8221;rgba(255,255,255,0.3)&#8221; button_one_text_size__hover_enabled=&#8221;off&#8221; button_two_text_size__hover_enabled=&#8221;off&#8221; button_one_text_color__hover_enabled=&#8221;on&#8221; button_one_text_color__hover=&#8221;#3550a0&#8243; button_two_text_color__hover_enabled=&#8221;on&#8221; button_two_text_color__hover=&#8221;#ffffff&#8221; button_one_border_width__hover_enabled=&#8221;off&#8221; button_two_border_width__hover_enabled=&#8221;off&#8221; button_one_border_color__hover_enabled=&#8221;off&#8221; button_two_border_color__hover_enabled=&#8221;off&#8221; button_one_border_radius__hover_enabled=&#8221;off&#8221; button_two_border_radius__hover_enabled=&#8221;off&#8221; button_one_letter_spacing__hover_enabled=&#8221;off&#8221; button_two_letter_spacing__hover_enabled=&#8221;off&#8221; button_one_bg_color__hover_enabled=&#8221;on&#8221; button_one_bg_color__hover=&#8221;rgba(255,255,255,0.8)&#8221; button_two_bg_color__hover_enabled=&#8221;on&#8221; button_two_bg_color__hover=&#8221;rgba(255,255,255,0.3)&#8221; title_text=&#8221;Entrust_jpg_trans&#8221; logo_image_url=&#8221;https:\/\/dinocolor.si\/dino_color_uploads\/2020\/10\/Entrust_jpg_trans-1.png&#8221; sticky_enabled=&#8221;0&#8243;]<\/p>\n<p>Povjerite je vodilno rje\u0161enje proizvo\u0111a\u010da za izdavanje i personalizaciju pvc kartica.<\/p>\n<p>[\/et_pb_fullwidth_header][\/et_pb_section][et_pb_section fb_built=&#8221;1&#8243; _builder_version=&#8221;3.23.3&#8243; da_disable_devices=&#8221;off|off|off&#8221; da_is_popup=&#8221;off&#8221; da_exit_intent=&#8221;off&#8221; da_has_close=&#8221;on&#8221; da_alt_close=&#8221;off&#8221; da_dark_close=&#8221;off&#8221; da_not_modal=&#8221;on&#8221; da_is_singular=&#8221;off&#8221; da_with_loader=&#8221;off&#8221; da_has_shadow=&#8221;on&#8221;][et_pb_row column_structure=&#8221;2_5,3_5&#8243; use_custom_gutter=&#8221;on&#8221; gutter_width=&#8221;1&#8243; make_equal=&#8221;on&#8221; _builder_version=&#8221;4.0.6&#8243; max_width=&#8221;2560px&#8221; module_alignment=&#8221;center&#8221; custom_margin=&#8221;|auto|108px|auto||&#8221; box_shadow_style=&#8221;preset2&#8243;][et_pb_column type=&#8221;2_5&#8243; _builder_version=&#8221;3.25&#8243; custom_padding=&#8221;|||&#8221; custom_padding__hover=&#8221;|||&#8221;][et_pb_image src=&#8221;https:\/\/dinocolor.si\/dino_color_uploads\/2019\/06\/Job553.jpg&#8221; _builder_version=&#8221;3.24.1&#8243;][\/et_pb_image][\/et_pb_column][et_pb_column type=&#8221;3_5&#8243; _builder_version=&#8221;3.25&#8243; custom_padding=&#8221;|||&#8221; custom_padding__hover=&#8221;|||&#8221;][et_pb_text _builder_version=&#8221;3.23.3&#8243; text_font=&#8221;||||||||&#8221; custom_margin=&#8221;10px||10px|10px|true&#8221; custom_padding=&#8221;10px|10px|10px|10px|true|true&#8221; animation_style=&#8221;zoom&#8221; border_radii=&#8221;on|25px|25px|25px|25px&#8221; text_text_align=&#8221;left&#8221;]<\/p>\n<h2 style=\"text-align: center;\">\u010cLANSKE ISKAZNICE &#8211; ZA KLUBOVE, ORGANIZACIJE, UDRUGE<\/h2>\n<p>Dajte \u010dlanovima visokokvalitetne personalizirane kartice za laku identifikaciju i kontrolu pristupa<\/p>\n<p>Personalizirane \u010dlanske kartice s fotografijama olak\u0161avaju prepoznavanje \u010dlanova koji imaju posebne privilegije i usluge Dodavanje barkodova, \u010dipova, pametnih kartica ili magnetske trake plasti\u010dnim \u010dlanskim karticama pru\u017ea se prakti\u010dna kontrola pristupa raznim objektima te pru\u017ea druge mogu\u0107nosti I tebi mo\u017eemo izraditi mi.<\/p>\n<p>[\/et_pb_text][\/et_pb_column][\/et_pb_row][et_pb_row column_structure=&#8221;3_5,2_5&#8243; use_custom_gutter=&#8221;on&#8221; gutter_width=&#8221;1&#8243; make_equal=&#8221;on&#8221; _builder_version=&#8221;4.0.6&#8243; max_width=&#8221;2560px&#8221; module_alignment=&#8221;center&#8221; box_shadow_style=&#8221;preset2&#8243;][et_pb_column type=&#8221;3_5&#8243; _builder_version=&#8221;3.25&#8243; custom_padding=&#8221;|||&#8221; custom_padding__hover=&#8221;|||&#8221;][et_pb_text _builder_version=&#8221;3.27.4&#8243; custom_margin=&#8221;10px|10px|10px|10px|true|true&#8221; custom_padding=&#8221;10px|10px|10px|10px|true|true&#8221; animation_style=&#8221;zoom&#8221;]<\/p>\n<h2 style=\"text-align: center;\">LOYALTY KARTICE &#8211; ZA ONE KOJI CIJENE ODANOST KUPCA<\/h2>\n<p style=\"text-align: left;\">Promovirajte svoju marku i zabilje\u017eite kriti\u010dne podatke o kupcima atraktivnim karticama lojalnosti Kreativne personalizirane kartice lojalnosti kupaca omogu\u0107avaju trgovcima, kockarnicama i mnogim drugima da dobiju bodove, popuste i bonuse za lojalnost kupaca. Programi kartica vjernosti kupaca tako\u0111er stvaraju prilike za pra\u0107enje korisni\u010dkih podataka i njihovo kori\u0161tenje za izgradnju sna\u017enih i trajnih odnosa<br \/> Tvrtke uglavnom personaliziraju kartice s imenima, \u0161to malo pove\u0107ava obim postupaka izdavanja kartica i tro\u0161kove izdavanja.<br \/> Kartice su obi\u010dno personalizirane s barkodom ili RFID \u010dipom za br\u017eu identifikaciju vlasnika kartice.<br \/> Osim personalizacije kartica, tako\u0111er dizajniramo i ispisujemo aplikacijske letke i spajamo ih s ispisanim karticama.<\/p>\n<p>[\/et_pb_text][\/et_pb_column][et_pb_column type=&#8221;2_5&#8243; _builder_version=&#8221;3.25&#8243; custom_padding=&#8221;|||&#8221; custom_padding__hover=&#8221;|||&#8221;][et_pb_image src=&#8221;https:\/\/dinocolor.si\/dino_color_uploads\/2019\/06\/Job558.jpg&#8221; _builder_version=&#8221;3.24.1&#8243;][\/et_pb_image][\/et_pb_column][\/et_pb_row][et_pb_row column_structure=&#8221;2_5,3_5&#8243; use_custom_gutter=&#8221;on&#8221; gutter_width=&#8221;1&#8243; make_equal=&#8221;on&#8221; _builder_version=&#8221;4.0.6&#8243; max_width=&#8221;2560px&#8221; module_alignment=&#8221;center&#8221; custom_margin=&#8221;109px|auto||auto||&#8221; box_shadow_style=&#8221;preset6&#8243;][et_pb_column type=&#8221;2_5&#8243; _builder_version=&#8221;3.25&#8243; custom_padding=&#8221;|||&#8221; custom_padding__hover=&#8221;|||&#8221;][et_pb_image src=&#8221;https:\/\/dinocolor.si\/dino_color_uploads\/2019\/06\/Job553-1.jpg&#8221; _builder_version=&#8221;3.24.1&#8243;][\/et_pb_image][\/et_pb_column][et_pb_column type=&#8221;3_5&#8243; _builder_version=&#8221;3.25&#8243; custom_padding=&#8221;|||&#8221; custom_padding__hover=&#8221;|||&#8221;][et_pb_text _builder_version=&#8221;4.0.6&#8243; custom_margin=&#8221;10px|10px|10px|10px|true|true&#8221; custom_padding=&#8221;10px|10px|10px|10px|true|true&#8221; animation_style=&#8221;zoom&#8221;]<\/p>\n<h2 style=\"text-align: center;\">PLASTI\u010cNE POSJETNICE &#8211; Za one koji \u017eele uvu\u0107i pa\u017enju pa\u017enje u ljude<\/h2>\n<p>Plasti\u010dne posjetnice sli\u010dne su veli\u010dine kao i standardne plasti\u010dne kartice, samo \u0161to su tanje i stoga ih je puno lak\u0161e nositi. Kontakti PVC materijala su vrlo pogodni za sve radove koji su izlo\u017eeni vla\u017enom okru\u017eenju rada, jer su vrlo izdr\u017eljivi i otporni na vodu.<\/p>\n<p>Posjetnice od PVC-a pogodne su za sve, za sva zanimanja koja su tijekom rada izlo\u017eena vla\u017enim sredinama, jer su vrlo izdr\u017eljive i otporne na vodu Posjetnice su tanke PVC kartice, ispisane u boji s grafi\u010dkom slikom po va\u0161em izboru. Naslovnica obi\u010dno sadr\u017ei osobne podatke vlasnika posjetnice, a stra\u017enja strana sadr\u017ei \u017eeljenu grafiku (npr. Logotip tvrtke) ili QR kod s kontaktnim podacima.<\/p>\n<p>[\/et_pb_text][\/et_pb_column][\/et_pb_row][et_pb_row column_structure=&#8221;3_5,2_5&#8243; use_custom_gutter=&#8221;on&#8221; gutter_width=&#8221;1&#8243; make_equal=&#8221;on&#8221; _builder_version=&#8221;4.0.6&#8243; max_width=&#8221;2560px&#8221; module_alignment=&#8221;center&#8221; custom_margin=&#8221;83px|auto||auto||&#8221; custom_padding=&#8221;0px|||||&#8221; box_shadow_style=&#8221;preset6&#8243;][et_pb_column type=&#8221;3_5&#8243; _builder_version=&#8221;3.25&#8243; custom_padding=&#8221;|||&#8221; custom_padding__hover=&#8221;|||&#8221;][et_pb_text _builder_version=&#8221;3.27.4&#8243; custom_margin=&#8221;10px|10px|10px|10px|true|true&#8221; custom_padding=&#8221;10px|10px|10px|10px|true|true&#8221; animation_style=&#8221;zoom&#8221;]<\/p>\n<h2 style=\"text-align: center;\">ID kartice &#8211; ZA ORGANIZACIJU DOGA\u0110ANJA, UNUTARNJU UPOTREBU U PODUZE\u0106IMA, \u0160KOLSKE ISKAZNICE<\/h2>\n<p>Primarna svrha iskaznica je prepoznavanje, kontrola pristupa ili registriranje radnog vremena. Kartice mogu sadr\u017eavati magnetsku vrpcu, bar kod ili RFID \u010dip. Karticama se mogu dodati razli\u010diti elementi kako bi se osigurala odgovaraju\u0107a razina sigurnosti i za\u0161tite, olak\u0161alo poslovanje i omogu\u0107ila br\u017ea identifikacija.<\/p>\n<p>[\/et_pb_text][\/et_pb_column][et_pb_column type=&#8221;2_5&#8243; _builder_version=&#8221;3.25&#8243; custom_padding=&#8221;|||&#8221; custom_padding__hover=&#8221;|||&#8221;][et_pb_image src=&#8221;https:\/\/dinocolor.si\/dino_color_uploads\/2019\/06\/Job556.jpg&#8221; _builder_version=&#8221;3.24.1&#8243;][\/et_pb_image][\/et_pb_column][\/et_pb_row][\/et_pb_section][et_pb_section fb_built=&#8221;1&#8243; fullwidth=&#8221;on&#8221; _builder_version=&#8221;3.23.3&#8243; da_disable_devices=&#8221;off|off|off&#8221; locked=&#8221;off&#8221; da_is_popup=&#8221;off&#8221; da_exit_intent=&#8221;off&#8221; da_has_close=&#8221;on&#8221; da_alt_close=&#8221;off&#8221; da_dark_close=&#8221;off&#8221; da_not_modal=&#8221;on&#8221; da_is_singular=&#8221;off&#8221; da_with_loader=&#8221;off&#8221; da_has_shadow=&#8221;on&#8221;][et_pb_fullwidth_header title=&#8221;Izrada personaliziranih kartica&#8221; text_orientation=&#8221;center&#8221; header_scroll_down=&#8221;on&#8221; button_one_text=&#8221;Zatra\u017eite sastanak&#8221; button_one_url=&#8221;https:\/\/dinocolor.si\/kontakt\/&#8221; _builder_version=&#8221;3.24.1&#8243; title_font=&#8221;||||||||&#8221; content_font=&#8221;||||||||&#8221; content_font_size=&#8221;16px&#8221; custom_button_one=&#8221;on&#8221; button_one_font=&#8221;||||||||&#8221; button_one_use_icon=&#8221;off&#8221;]<\/p>\n<p><span>Entrust je vodilno rje\u0161enje proizvo\u0111a\u010da za izdavanje i personalizaciju pvc kartica<\/span><span>. O\u010dekujte lagan rad, provjerene performanse i isplative rezultate. <\/span><\/p>\n<p>[\/et_pb_fullwidth_header][\/et_pb_section][et_pb_section fb_built=&#8221;1&#8243; admin_label=&#8221;Contact&#8221; _builder_version=&#8221;3.22.3&#8243; background_color=&#8221;#f4f4f4&#8243; da_disable_devices=&#8221;off|off|off&#8221; locked=&#8221;off&#8221; da_is_popup=&#8221;off&#8221; da_exit_intent=&#8221;off&#8221; da_has_close=&#8221;on&#8221; da_alt_close=&#8221;off&#8221; da_dark_close=&#8221;off&#8221; da_not_modal=&#8221;on&#8221; da_is_singular=&#8221;off&#8221; da_with_loader=&#8221;off&#8221; da_has_shadow=&#8221;on&#8221;][et_pb_row _builder_version=&#8221;3.25&#8243; custom_width_px=&#8221;710px&#8221; locked=&#8221;off&#8221;][et_pb_column type=&#8221;4_4&#8243; _builder_version=&#8221;3.25&#8243; background_position=&#8221;top_left&#8221; custom_padding=&#8221;|||&#8221; custom_padding__hover=&#8221;|||&#8221;][et_pb_divider divider_weight=&#8221;3px&#8221; disabled_on=&#8221;off|off|off&#8221; _builder_version=&#8221;3.23.3&#8243; background_color_gradient_direction=&#8221;90deg&#8221; max_width=&#8221;100px&#8221; module_alignment=&#8221;center&#8221; height=&#8221;5px&#8221; custom_margin=&#8221;||20px|&#8221; custom_padding=&#8221;||20px|&#8221; animation_style=&#8221;slide&#8221; animation_direction=&#8221;bottom&#8221; saved_tabs=&#8221;all&#8221; locked=&#8221;off&#8221;][\/et_pb_divider][et_pb_text admin_label=&#8221;Contact Section Title&#8221; _builder_version=&#8221;3.27.4&#8243; header_font=&#8221;Montserrat||||&#8221; header_text_color=&#8221;#1f1f1f&#8221; header_font_size=&#8221;36px&#8221; text_orientation=&#8221;center&#8221; max_width=&#8221;710px&#8221; module_alignment=&#8221;center&#8221; animation_style=&#8221;fold&#8221; animation_direction=&#8221;bottom&#8221; animation_intensity_fold=&#8221;20%&#8221;]<\/p>\n<h1>Kontaktirajte nas<\/h1>\n<p>[\/et_pb_text][et_pb_text admin_label=&#8221;Contact Section Subtitle&#8221; _builder_version=&#8221;3.27.4&#8243; text_font_size=&#8221;16px&#8221; text_line_height=&#8221;1.9em&#8221; text_orientation=&#8221;center&#8221; max_width=&#8221;710px&#8221; module_alignment=&#8221;center&#8221; animation_style=&#8221;fold&#8221; animation_direction=&#8221;bottom&#8221; animation_intensity_fold=&#8221;20%&#8221;]<\/p>\n<p>\u017delite li znati vi\u0161e o na\u0161im uslugama Voljeli bismo Vas posjetiti i predstaviti na\u0161a rje\u0161enja Za vi\u0161e informacija, po\u0161aljite nam poruku <\/p>\n<p>[\/et_pb_text][\/et_pb_column][\/et_pb_row][et_pb_row _builder_version=&#8221;3.25&#8243; max_width=&#8221;900px&#8221; use_custom_width=&#8221;on&#8221; custom_width_px=&#8221;900px&#8221;][et_pb_column type=&#8221;4_4&#8243; _builder_version=&#8221;3.25&#8243; custom_padding=&#8221;|||&#8221; custom_padding__hover=&#8221;|||&#8221;][et_pb_contact_form email=&#8221;info@dinocolor.si&#8221; success_message=&#8221;Poruka uspje\u0161no poslana&#8221; submit_button_text=&#8221;Po\u0161alji poruku&#8221; module_id=&#8221;et_pb_contact_form_1&#8243; _builder_version=&#8221;3.24.1&#8243; form_field_background_color=&#8221;rgba(255,255,255,0)&#8221; title_font=&#8221;Montserrat||||&#8221; title_font_size=&#8221;22px&#8221; custom_button=&#8221;on&#8221; button_text_size=&#8221;20px&#8221; button_text_color=&#8221;#ffffff&#8221; button_bg_color=&#8221;#0d89b0&#8243; button_border_width=&#8221;2px&#8221; button_border_color=&#8221;#000000&#8243; button_border_radius=&#8221;3px&#8221; button_letter_spacing=&#8221;2px&#8221; button_font=&#8221;Quicksand|||on|||||&#8221; button_use_icon=&#8221;off&#8221; animation_style=&#8221;fold&#8221; animation_direction=&#8221;bottom&#8221; animation_intensity_fold=&#8221;20%&#8221; border_width_all=&#8221;1px&#8221; border_color_all=&#8221;rgba(0,0,0,0.12)&#8221; border_style_all=&#8221;solid&#8221; use_border_color=&#8221;on&#8221; border_color=&#8221;rgba(0,0,0,0.12)&#8221; form_background_color=&#8221;rgba(255,255,255,0)&#8221; locked=&#8221;off&#8221; button_text_color_hover=&#8221;#6eba01&#8243; button_bg_color_hover=&#8221;rgba(0,0,0,0)&#8221; button_border_color_hover=&#8221;#6eba01&#8243; button_border_radius_hover=&#8221;0px&#8221; button_letter_spacing_hover=&#8221;2px&#8221;][et_pb_contact_field field_id=&#8221;Name&#8221; field_title=&#8221;Ime&#8221; _builder_version=&#8221;3.23.3&#8243; button_text_size__hover_enabled=&#8221;off&#8221; button_one_text_size__hover_enabled=&#8221;off&#8221; button_two_text_size__hover_enabled=&#8221;off&#8221; button_text_color__hover_enabled=&#8221;off&#8221; button_one_text_color__hover_enabled=&#8221;off&#8221; button_two_text_color__hover_enabled=&#8221;off&#8221; button_border_width__hover_enabled=&#8221;off&#8221; button_one_border_width__hover_enabled=&#8221;off&#8221; button_two_border_width__hover_enabled=&#8221;off&#8221; button_border_color__hover_enabled=&#8221;off&#8221; button_one_border_color__hover_enabled=&#8221;off&#8221; button_two_border_color__hover_enabled=&#8221;off&#8221; button_border_radius__hover_enabled=&#8221;off&#8221; button_one_border_radius__hover_enabled=&#8221;off&#8221; button_two_border_radius__hover_enabled=&#8221;off&#8221; button_letter_spacing__hover_enabled=&#8221;off&#8221; button_one_letter_spacing__hover_enabled=&#8221;off&#8221; button_two_letter_spacing__hover_enabled=&#8221;off&#8221; button_bg_color__hover_enabled=&#8221;off&#8221; button_one_bg_color__hover_enabled=&#8221;off&#8221; button_two_bg_color__hover_enabled=&#8221;off&#8221;][\/et_pb_contact_field][et_pb_contact_field field_id=&#8221;Email&#8221; field_title=&#8221;E-mail adresa&#8221; field_type=&#8221;email&#8221; _builder_version=&#8221;3.23.3&#8243; button_text_size__hover_enabled=&#8221;off&#8221; button_one_text_size__hover_enabled=&#8221;off&#8221; button_two_text_size__hover_enabled=&#8221;off&#8221; button_text_color__hover_enabled=&#8221;off&#8221; button_one_text_color__hover_enabled=&#8221;off&#8221; button_two_text_color__hover_enabled=&#8221;off&#8221; button_border_width__hover_enabled=&#8221;off&#8221; button_one_border_width__hover_enabled=&#8221;off&#8221; button_two_border_width__hover_enabled=&#8221;off&#8221; button_border_color__hover_enabled=&#8221;off&#8221; button_one_border_color__hover_enabled=&#8221;off&#8221; button_two_border_color__hover_enabled=&#8221;off&#8221; button_border_radius__hover_enabled=&#8221;off&#8221; button_one_border_radius__hover_enabled=&#8221;off&#8221; button_two_border_radius__hover_enabled=&#8221;off&#8221; button_letter_spacing__hover_enabled=&#8221;off&#8221; button_one_letter_spacing__hover_enabled=&#8221;off&#8221; button_two_letter_spacing__hover_enabled=&#8221;off&#8221; button_bg_color__hover_enabled=&#8221;off&#8221; button_one_bg_color__hover_enabled=&#8221;off&#8221; button_two_bg_color__hover_enabled=&#8221;off&#8221;][\/et_pb_contact_field][et_pb_contact_field field_id=&#8221;Message&#8221; field_title=&#8221;Poruka&#8221; field_type=&#8221;text&#8221; fullwidth_field=&#8221;on&#8221; _builder_version=&#8221;3.23.3&#8243; button_text_size__hover_enabled=&#8221;off&#8221; button_one_text_size__hover_enabled=&#8221;off&#8221; button_two_text_size__hover_enabled=&#8221;off&#8221; button_text_color__hover_enabled=&#8221;off&#8221; button_one_text_color__hover_enabled=&#8221;off&#8221; button_two_text_color__hover_enabled=&#8221;off&#8221; button_border_width__hover_enabled=&#8221;off&#8221; button_one_border_width__hover_enabled=&#8221;off&#8221; button_two_border_width__hover_enabled=&#8221;off&#8221; button_border_color__hover_enabled=&#8221;off&#8221; button_one_border_color__hover_enabled=&#8221;off&#8221; button_two_border_color__hover_enabled=&#8221;off&#8221; button_border_radius__hover_enabled=&#8221;off&#8221; button_one_border_radius__hover_enabled=&#8221;off&#8221; button_two_border_radius__hover_enabled=&#8221;off&#8221; button_letter_spacing__hover_enabled=&#8221;off&#8221; button_one_letter_spacing__hover_enabled=&#8221;off&#8221; button_two_letter_spacing__hover_enabled=&#8221;off&#8221; button_bg_color__hover_enabled=&#8221;off&#8221; button_one_bg_color__hover_enabled=&#8221;off&#8221; button_two_bg_color__hover_enabled=&#8221;off&#8221;][\/et_pb_contact_field][\/et_pb_contact_form][\/et_pb_column][\/et_pb_row][\/et_pb_section]<\/p>\n","protected":false},"excerpt":{"rendered":"<p>Povjerite je vodilno rje\u0161enje proizvo\u0111a\u010da za izdavanje i personalizaciju pvc kartica.\u010cLANSKE ISKAZNICE &#8211; ZA KLUBOVE, ORGANIZACIJE, UDRUGE Dajte \u010dlanovima visokokvalitetne personalizirane kartice za laku identifikaciju i kontrolu pristupa Personalizirane \u010dlanske kartice s fotografijama olak\u0161avaju prepoznavanje \u010dlanova koji imaju posebne privilegije i usluge Dodavanje barkodova, \u010dipova, pametnih kartica ili magnetske trake plasti\u010dnim \u010dlanskim karticama pru\u017ea se [&hellip;]<\/p>\n","protected":false},"author":1,"featured_media":0,"parent":0,"menu_order":0,"comment_status":"closed","ping_status":"closed","template":"","meta":{"_et_pb_use_builder":"on","_et_pb_old_content":"","_et_gb_content_width":"","footnotes":""},"class_list":["post-22982","page","type-page","status-publish","hentry"],"_links":{"self":[{"href":"https:\/\/dinocolor.si\/hr\/wp-json\/wp\/v2\/pages\/22982","targetHints":{"allow":["GET"]}}],"collection":[{"href":"https:\/\/dinocolor.si\/hr\/wp-json\/wp\/v2\/pages"}],"about":[{"href":"https:\/\/dinocolor.si\/hr\/wp-json\/wp\/v2\/types\/page"}],"author":[{"embeddable":true,"href":"https:\/\/dinocolor.si\/hr\/wp-json\/wp\/v2\/users\/1"}],"replies":[{"embeddable":true,"href":"https:\/\/dinocolor.si\/hr\/wp-json\/wp\/v2\/comments?post=22982"}],"version-history":[{"count":0,"href":"https:\/\/dinocolor.si\/hr\/wp-json\/wp\/v2\/pages\/22982\/revisions"}],"wp:attachment":[{"href":"https:\/\/dinocolor.si\/hr\/wp-json\/wp\/v2\/media?parent=22982"}],"curies":[{"name":"wp","href":"https:\/\/api.w.org\/{rel}","templated":true}]}}